{"id":147,"date":"2024-12-08T14:15:51","date_gmt":"2024-12-08T13:15:51","guid":{"rendered":"https:\/\/trimplast.fr\/?page_id=147"},"modified":"2025-01-06T10:57:12","modified_gmt":"2025-01-06T09:57:12","slug":"usinage","status":"publish","type":"page","link":"https:\/\/trimplast.fr\/index.php\/usinage\/","title":{"rendered":"Sp\u00e9cialiste Usinage Plastique"},"content":{"rendered":"\n[et_pb_section fb_built=\u00a0\u00bb1&Prime; _builder_version=\u00a0\u00bb4.14.2&Prime; _module_preset=\u00a0\u00bbdefault\u00a0\u00bb global_colors_info=\u00a0\u00bb{}\u00a0\u00bb][et_pb_row _builder_version=\u00a0\u00bb4.14.2&Prime; _module_preset=\u00a0\u00bbdefault\u00a0\u00bb global_colors_info=\u00a0\u00bb{}\u00a0\u00bb][et_pb_column type=\u00a0\u00bb4_4&Prime; _builder_version=\u00a0\u00bb4.14.2&Prime; _module_preset=\u00a0\u00bbdefault\u00a0\u00bb global_colors_info=\u00a0\u00bb{}\u00a0\u00bb][et_pb_text _builder_version=\u00a0\u00bb4.14.2&Prime; _module_preset=\u00a0\u00bbdefault\u00a0\u00bb global_colors_info=\u00a0\u00bb{}\u00a0\u00bb]<h2 style=\"text-align: center;\"><strong><span style=\"color: #ff0000;\">Usinage\u00a0<\/span><\/strong><\/h2>[\/et_pb_text][\/et_pb_column][\/et_pb_row][et_pb_row column_structure=\u00a0\u00bb2_5,3_5&Prime; _builder_version=\u00a0\u00bb4.14.2&Prime; _module_preset=\u00a0\u00bbdefault\u00a0\u00bb global_colors_info=\u00a0\u00bb{}\u00a0\u00bb][et_pb_column type=\u00a0\u00bb2_5&Prime; _builder_version=\u00a0\u00bb4.14.2&Prime; _module_preset=\u00a0\u00bbdefault\u00a0\u00bb global_colors_info=\u00a0\u00bb{}\u00a0\u00bb][et_pb_text _builder_version=\u00a0\u00bb4.14.2&Prime; _module_preset=\u00a0\u00bbdefault\u00a0\u00bb custom_padding=\u00a0\u00bb||0px|||\u00a0\u00bb global_colors_info=\u00a0\u00bb{}\u00a0\u00bb]<p><strong>L&rsquo;usinage plastique est un\u00a0proc\u00e9d\u00e9 industriel permettant de fabriquer des pi\u00e8ces techniques en enlevant de la mati\u00e8re \u00e0 partir de plaques en plastique<\/strong><span><strong>.<\/strong> Ce processus est crucial dans de nombreux secteurs pour cr\u00e9er des composants conforme aux exigences du client.<\/span><\/p>\n<p><span><\/span><\/p>\n<p><span><\/span><\/p>\n<p><span><\/span><\/p>\n<p><span><\/span><\/p>\n<p><span><\/span><\/p>\n<p><span><\/span><\/p>\n<p><span>L&rsquo;usinage est\u00a0<b>un proc\u00e9d\u00e9 de fabrication dans lequel la forme souhait\u00e9e est cr\u00e9\u00e9e en retirant de la mati\u00e8re d&rsquo;une pi\u00e8ce plus grande<\/b>\u00a0. Il est utilis\u00e9 pour la fabrication de produits finis et pour le traitement des mati\u00e8res premi\u00e8res. Les proc\u00e9d\u00e9s d&rsquo;usinage sont \u00e9galement connus sous le nom de proc\u00e9d\u00e9s de fabrication soustractif<\/span><\/p>[\/et_pb_text][\/et_pb_column][et_pb_column type=\u00a0\u00bb3_5&Prime; _builder_version=\u00a0\u00bb4.14.2&Prime; _module_preset=\u00a0\u00bbdefault\u00a0\u00bb global_colors_info=\u00a0\u00bb{}\u00a0\u00bb][et_pb_image src=\u00a0\u00bbhttps:\/\/trimplast.fr\/wp-content\/uploads\/2025\/01\/Usinage.jpg\u00a0\u00bb title_text=\u00a0\u00bbUsinage\u00a0\u00bb _builder_version=\u00a0\u00bb4.14.2&Prime; _module_preset=\u00a0\u00bbdefault\u00a0\u00bb global_colors_info=\u00a0\u00bb{}\u00a0\u00bb][\/et_pb_image][\/et_pb_column][\/et_pb_row][et_pb_row _builder_version=\u00a0\u00bb4.14.2&Prime; _module_preset=\u00a0\u00bbdefault\u00a0\u00bb global_colors_info=\u00a0\u00bb{}\u00a0\u00bb][et_pb_column type=\u00a0\u00bb4_4&Prime; _builder_version=\u00a0\u00bb4.14.2&Prime; _module_preset=\u00a0\u00bbdefault\u00a0\u00bb global_colors_info=\u00a0\u00bb{}\u00a0\u00bb][et_pb_text _builder_version=\u00a0\u00bb4.14.2&Prime; _module_preset=\u00a0\u00bbdefault\u00a0\u00bb global_colors_info=\u00a0\u00bb{}\u00a0\u00bb]<h2 style=\"text-align: center;\"><strong>Vous voulez en savoir plus ? Contactez-nous !<\/strong><\/h2>[\/et_pb_text][\/et_pb_column][\/et_pb_row][et_pb_row column_structure=\u00a0\u00bb1_2,1_2&Prime; _builder_version=\u00a0\u00bb4.14.2&Prime; _module_preset=\u00a0\u00bbdefault\u00a0\u00bb global_colors_info=\u00a0\u00bb{}\u00a0\u00bb][et_pb_column type=\u00a0\u00bb1_2&Prime; _builder_version=\u00a0\u00bb4.14.2&Prime; _module_preset=\u00a0\u00bbdefault\u00a0\u00bb global_colors_info=\u00a0\u00bb{}\u00a0\u00bb][et_pb_button button_url=\u00a0\u00bbhttps:\/\/trimplast.fr\/index.php\/contact\/\u00a0\u00bb button_text=\u00a0\u00bbObtenez un devis gratuit\u00a0\u00bb button_alignment=\u00a0\u00bbcenter\u00a0\u00bb _builder_version=\u00a0\u00bb4.14.2&Prime; _module_preset=\u00a0\u00bbdefault\u00a0\u00bb hover_enabled=\u00a0\u00bb0&Prime; global_colors_info=\u00a0\u00bb{}\u00a0\u00bb sticky_enabled=\u00a0\u00bb0&Prime;][\/et_pb_button][\/et_pb_column][et_pb_column type=\u00a0\u00bb1_2&Prime; _builder_version=\u00a0\u00bb4.14.2&Prime; _module_preset=\u00a0\u00bbdefault\u00a0\u00bb global_colors_info=\u00a0\u00bb{}\u00a0\u00bb][et_pb_button button_url=\u00a0\u00bbtel:0667412441&Prime; button_text=\u00a0\u00bbAppelez-nous\u00a0\u00bb button_alignment=\u00a0\u00bbcenter\u00a0\u00bb _builder_version=\u00a0\u00bb4.14.2&Prime; _module_preset=\u00a0\u00bbdefault\u00a0\u00bb hover_enabled=\u00a0\u00bb0&Prime; global_colors_info=\u00a0\u00bb{}\u00a0\u00bb sticky_enabled=\u00a0\u00bb0&Prime;][\/et_pb_button][\/et_pb_column][\/et_pb_row][et_pb_row _builder_version=\u00a0\u00bb4.14.2&Prime; _module_preset=\u00a0\u00bbdefault\u00a0\u00bb global_colors_info=\u00a0\u00bb{}\u00a0\u00bb][et_pb_column type=\u00a0\u00bb4_4&Prime; _builder_version=\u00a0\u00bb4.14.2&Prime; _module_preset=\u00a0\u00bbdefault\u00a0\u00bb global_colors_info=\u00a0\u00bb{}\u00a0\u00bb][et_pb_accordion _builder_version=\u00a0\u00bb4.14.2&Prime; _module_preset=\u00a0\u00bbdefault\u00a0\u00bb global_colors_info=\u00a0\u00bb{}\u00a0\u00bb][et_pb_accordion_item title=\u00a0\u00bbQu&rsquo;est-ce que le pliage plastique ?\u00a0\u00bb open=\u00a0\u00bbon\u00a0\u00bb _builder_version=\u00a0\u00bb4.14.2&Prime; _module_preset=\u00a0\u00bbdefault\u00a0\u00bb global_colors_info=\u00a0\u00bb{}\u00a0\u00bb]<p><span>Le pliage\u00a0<\/span><b>permet de r\u00e9aliser des angles arrondis sans collage<\/b><span>. Il est possible de plier des \u00e9paisseurs jusqu&rsquo;\u00e0 environ 25 mm suivant des rayons plus ou moins importants sans fragiliser la mati\u00e8re.<\/span><\/p>[\/et_pb_accordion_item][et_pb_accordion_item title=\u00a0\u00bbComment plier du PVC ?\u00a0\u00bb _builder_version=\u00a0\u00bb4.14.2&Prime; _module_preset=\u00a0\u00bbdefault\u00a0\u00bb global_colors_info=\u00a0\u00bb{}\u00a0\u00bb open=\u00a0\u00bboff\u00a0\u00bb]<p><span>On utilise un outil de cintrage \u00e0 chaud pour cintrer des tubes, tuyaux ou des conduits PVC ou plastique sans provoquer de d\u00e9formation ind\u00e9sirable au rayon int\u00e9rieur. Pour pouvoir plier et cintrer ces tubes,\u00a0<\/span><b>il faut le chauffer \u00e0 une temp\u00e9rature \u00e0 laquelle le mat\u00e9riau devient plastique (mall\u00e9able)<\/b><\/p>[\/et_pb_accordion_item][\/et_pb_accordion][\/et_pb_column][\/et_pb_row][\/et_pb_section]\n","protected":false},"excerpt":{"rendered":"<p>Usinage\u00a0L&rsquo;usinage plastique est un\u00a0proc\u00e9d\u00e9 industriel permettant de fabriquer des pi\u00e8ces techniques en enlevant de la mati\u00e8re \u00e0 partir de plaques en plastique. Ce processus est crucial dans de nombreux secteurs pour cr\u00e9er des composants conforme aux exigences du client. L&rsquo;usinage est\u00a0un proc\u00e9d\u00e9 de fabrication dans lequel la forme souhait\u00e9e est cr\u00e9\u00e9e en retirant de la [&hellip;]<\/p>\n","protected":false},"author":1,"featured_media":0,"parent":0,"menu_order":0,"comment_status":"closed","ping_status":"closed","template":"","meta":{"_et_pb_use_builder":"on","_et_pb_old_content":"","_et_gb_content_width":"","footnotes":""},"class_list":["post-147","page","type-page","status-publish","hentry"],"yoast_head":"<!-- This site is optimized with the Yoast SEO plugin v24.1 - https:\/\/yoast.com\/wordpress\/plugins\/seo\/ -->\n<title>L&#039;usinage Plastique Ain<\/title>\n<meta name=\"description\" content=\"D\u00e9couvrez l&#039;expertise de Trimplast dans l&#039;usinage plastique sur mesure. Profitez de solutions innovantes et de haute qualit\u00e9 pour tous vos projets industriels. Contactez-nous d\u00e8s aujourd&#039;hui pour des services personnalis\u00e9s adapt\u00e9s \u00e0 vos besoins !&quot; N&#039;h\u00e9sitez pas \u00e0 ajuster certains \u00e9l\u00e9ments selon vos pr\u00e9f\u00e9rences ou les sp\u00e9cificit\u00e9s de votre entreprise.\" \/>\n<meta name=\"robots\" content=\"index, follow, max-snippet:-1, max-image-preview:large, max-video-preview:-1\" \/>\n<link rel=\"canonical\" href=\"https:\/\/trimplast.fr\/index.php\/usinage\/\" \/>\n<meta property=\"og:locale\" content=\"fr_FR\" \/>\n<meta property=\"og:type\" content=\"article\" \/>\n<meta property=\"og:title\" content=\"L&#039;usinage Plastique Ain\" \/>\n<meta property=\"og:description\" content=\"D\u00e9couvrez l&#039;expertise de Trimplast dans l&#039;usinage plastique sur mesure. Profitez de solutions innovantes et de haute qualit\u00e9 pour tous vos projets industriels. Contactez-nous d\u00e8s aujourd&#039;hui pour des services personnalis\u00e9s adapt\u00e9s \u00e0 vos besoins !&quot; N&#039;h\u00e9sitez pas \u00e0 ajuster certains \u00e9l\u00e9ments selon vos pr\u00e9f\u00e9rences ou les sp\u00e9cificit\u00e9s de votre entreprise.\" \/>\n<meta property=\"og:url\" content=\"https:\/\/trimplast.fr\/index.php\/usinage\/\" \/>\n<meta property=\"og:site_name\" content=\"TRIMPLAST\" \/>\n<meta property=\"article:modified_time\" content=\"2025-01-06T09:57:12+00:00\" \/>\n<meta name=\"twitter:card\" content=\"summary_large_image\" \/>\n<meta name=\"twitter:label1\" content=\"Dur\u00e9e de lecture estim\u00e9e\" \/>\n\t<meta name=\"twitter:data1\" content=\"2 minutes\" \/>\n<script type=\"application\/ld+json\" class=\"yoast-schema-graph\">{\"@context\":\"https:\/\/schema.org\",\"@graph\":[{\"@type\":\"WebPage\",\"@id\":\"https:\/\/trimplast.fr\/index.php\/usinage\/\",\"url\":\"https:\/\/trimplast.fr\/index.php\/usinage\/\",\"name\":\"L'usinage Plastique Ain\",\"isPartOf\":{\"@id\":\"https:\/\/trimplast.fr\/#website\"},\"datePublished\":\"2024-12-08T13:15:51+00:00\",\"dateModified\":\"2025-01-06T09:57:12+00:00\",\"description\":\"D\u00e9couvrez l'expertise de Trimplast dans l'usinage plastique sur mesure. Profitez de solutions innovantes et de haute qualit\u00e9 pour tous vos projets industriels. Contactez-nous d\u00e8s aujourd'hui pour des services personnalis\u00e9s adapt\u00e9s \u00e0 vos besoins !\\\" N'h\u00e9sitez pas \u00e0 ajuster certains \u00e9l\u00e9ments selon vos pr\u00e9f\u00e9rences ou les sp\u00e9cificit\u00e9s de votre entreprise.\",\"breadcrumb\":{\"@id\":\"https:\/\/trimplast.fr\/index.php\/usinage\/#breadcrumb\"},\"inLanguage\":\"fr-FR\",\"potentialAction\":[{\"@type\":\"ReadAction\",\"target\":[\"https:\/\/trimplast.fr\/index.php\/usinage\/\"]}]},{\"@type\":\"BreadcrumbList\",\"@id\":\"https:\/\/trimplast.fr\/index.php\/usinage\/#breadcrumb\",\"itemListElement\":[{\"@type\":\"ListItem\",\"position\":1,\"name\":\"Accueil\",\"item\":\"https:\/\/trimplast.fr\/\"},{\"@type\":\"ListItem\",\"position\":2,\"name\":\"Sp\u00e9cialiste Usinage Plastique\"}]},{\"@type\":\"WebSite\",\"@id\":\"https:\/\/trimplast.fr\/#website\",\"url\":\"https:\/\/trimplast.fr\/\",\"name\":\"TRIMPLAST\",\"description\":\"Le sp\u00e9cialiste du thermoformage plastique\",\"potentialAction\":[{\"@type\":\"SearchAction\",\"target\":{\"@type\":\"EntryPoint\",\"urlTemplate\":\"https:\/\/trimplast.fr\/?s={search_term_string}\"},\"query-input\":{\"@type\":\"PropertyValueSpecification\",\"valueRequired\":true,\"valueName\":\"search_term_string\"}}],\"inLanguage\":\"fr-FR\"}]}<\/script>\n<!-- \/ Yoast SEO plugin. -->","yoast_head_json":{"title":"L'usinage Plastique Ain","description":"D\u00e9couvrez l'expertise de Trimplast dans l'usinage plastique sur mesure. Profitez de solutions innovantes et de haute qualit\u00e9 pour tous vos projets industriels. Contactez-nous d\u00e8s aujourd'hui pour des services personnalis\u00e9s adapt\u00e9s \u00e0 vos besoins !\" N'h\u00e9sitez pas \u00e0 ajuster certains \u00e9l\u00e9ments selon vos pr\u00e9f\u00e9rences ou les sp\u00e9cificit\u00e9s de votre entreprise.","robots":{"index":"index","follow":"follow","max-snippet":"max-snippet:-1","max-image-preview":"max-image-preview:large","max-video-preview":"max-video-preview:-1"},"canonical":"https:\/\/trimplast.fr\/index.php\/usinage\/","og_locale":"fr_FR","og_type":"article","og_title":"L'usinage Plastique Ain","og_description":"D\u00e9couvrez l'expertise de Trimplast dans l'usinage plastique sur mesure. Profitez de solutions innovantes et de haute qualit\u00e9 pour tous vos projets industriels. Contactez-nous d\u00e8s aujourd'hui pour des services personnalis\u00e9s adapt\u00e9s \u00e0 vos besoins !\" N'h\u00e9sitez pas \u00e0 ajuster certains \u00e9l\u00e9ments selon vos pr\u00e9f\u00e9rences ou les sp\u00e9cificit\u00e9s de votre entreprise.","og_url":"https:\/\/trimplast.fr\/index.php\/usinage\/","og_site_name":"TRIMPLAST","article_modified_time":"2025-01-06T09:57:12+00:00","twitter_card":"summary_large_image","twitter_misc":{"Dur\u00e9e de lecture estim\u00e9e":"2 minutes"},"schema":{"@context":"https:\/\/schema.org","@graph":[{"@type":"WebPage","@id":"https:\/\/trimplast.fr\/index.php\/usinage\/","url":"https:\/\/trimplast.fr\/index.php\/usinage\/","name":"L'usinage Plastique Ain","isPartOf":{"@id":"https:\/\/trimplast.fr\/#website"},"datePublished":"2024-12-08T13:15:51+00:00","dateModified":"2025-01-06T09:57:12+00:00","description":"D\u00e9couvrez l'expertise de Trimplast dans l'usinage plastique sur mesure. Profitez de solutions innovantes et de haute qualit\u00e9 pour tous vos projets industriels. Contactez-nous d\u00e8s aujourd'hui pour des services personnalis\u00e9s adapt\u00e9s \u00e0 vos besoins !\" N'h\u00e9sitez pas \u00e0 ajuster certains \u00e9l\u00e9ments selon vos pr\u00e9f\u00e9rences ou les sp\u00e9cificit\u00e9s de votre entreprise.","breadcrumb":{"@id":"https:\/\/trimplast.fr\/index.php\/usinage\/#breadcrumb"},"inLanguage":"fr-FR","potentialAction":[{"@type":"ReadAction","target":["https:\/\/trimplast.fr\/index.php\/usinage\/"]}]},{"@type":"BreadcrumbList","@id":"https:\/\/trimplast.fr\/index.php\/usinage\/#breadcrumb","itemListElement":[{"@type":"ListItem","position":1,"name":"Accueil","item":"https:\/\/trimplast.fr\/"},{"@type":"ListItem","position":2,"name":"Sp\u00e9cialiste Usinage Plastique"}]},{"@type":"WebSite","@id":"https:\/\/trimplast.fr\/#website","url":"https:\/\/trimplast.fr\/","name":"TRIMPLAST","description":"Le sp\u00e9cialiste du thermoformage plastique","potentialAction":[{"@type":"SearchAction","target":{"@type":"EntryPoint","urlTemplate":"https:\/\/trimplast.fr\/?s={search_term_string}"},"query-input":{"@type":"PropertyValueSpecification","valueRequired":true,"valueName":"search_term_string"}}],"inLanguage":"fr-FR"}]}},"_links":{"self":[{"href":"https:\/\/trimplast.fr\/index.php\/wp-json\/wp\/v2\/pages\/147","targetHints":{"allow":["GET"]}}],"collection":[{"href":"https:\/\/trimplast.fr\/index.php\/wp-json\/wp\/v2\/pages"}],"about":[{"href":"https:\/\/trimplast.fr\/index.php\/wp-json\/wp\/v2\/types\/page"}],"author":[{"embeddable":true,"href":"https:\/\/trimplast.fr\/index.php\/wp-json\/wp\/v2\/users\/1"}],"replies":[{"embeddable":true,"href":"https:\/\/trimplast.fr\/index.php\/wp-json\/wp\/v2\/comments?post=147"}],"version-history":[{"count":12,"href":"https:\/\/trimplast.fr\/index.php\/wp-json\/wp\/v2\/pages\/147\/revisions"}],"predecessor-version":[{"id":352,"href":"https:\/\/trimplast.fr\/index.php\/wp-json\/wp\/v2\/pages\/147\/revisions\/352"}],"wp:attachment":[{"href":"https:\/\/trimplast.fr\/index.php\/wp-json\/wp\/v2\/media?parent=147"}],"curies":[{"name":"wp","href":"https:\/\/api.w.org\/{rel}","templated":true}]}}