{"id":150,"date":"2024-12-22T15:05:16","date_gmt":"2024-12-22T14:05:16","guid":{"rendered":"https:\/\/trimplast.fr\/?page_id=150"},"modified":"2025-01-06T10:51:28","modified_gmt":"2025-01-06T09:51:28","slug":"pliage-plastique","status":"publish","type":"page","link":"https:\/\/trimplast.fr\/index.php\/pliage-plastique\/","title":{"rendered":"Pliage Plastique"},"content":{"rendered":"\n[et_pb_section fb_built=\u00a0\u00bb1&Prime; _builder_version=\u00a0\u00bb4.14.2&Prime; _module_preset=\u00a0\u00bbdefault\u00a0\u00bb global_colors_info=\u00a0\u00bb{}\u00a0\u00bb][et_pb_row _builder_version=\u00a0\u00bb4.14.2&Prime; _module_preset=\u00a0\u00bbdefault\u00a0\u00bb global_colors_info=\u00a0\u00bb{}\u00a0\u00bb][et_pb_column type=\u00a0\u00bb4_4&Prime; _builder_version=\u00a0\u00bb4.14.2&Prime; _module_preset=\u00a0\u00bbdefault\u00a0\u00bb global_colors_info=\u00a0\u00bb{}\u00a0\u00bb][et_pb_text _builder_version=\u00a0\u00bb4.14.2&Prime; _module_preset=\u00a0\u00bbdefault\u00a0\u00bb global_colors_info=\u00a0\u00bb{}\u00a0\u00bb]<h2 style=\"text-align: center;\"><strong><span style=\"color: #ff0000;\">Le Pliage Plastique<\/span><\/strong><\/h2>[\/et_pb_text][\/et_pb_column][\/et_pb_row][et_pb_row column_structure=\u00a0\u00bb1_3,1_3,1_3&Prime; _builder_version=\u00a0\u00bb4.14.2&Prime; _module_preset=\u00a0\u00bbdefault\u00a0\u00bb global_colors_info=\u00a0\u00bb{}\u00a0\u00bb][et_pb_column type=\u00a0\u00bb1_3&Prime; _builder_version=\u00a0\u00bb4.14.2&Prime; _module_preset=\u00a0\u00bbdefault\u00a0\u00bb global_colors_info=\u00a0\u00bb{}\u00a0\u00bb][et_pb_text _builder_version=\u00a0\u00bb4.14.2&Prime; _module_preset=\u00a0\u00bbdefault\u00a0\u00bb global_colors_info=\u00a0\u00bb{}\u00a0\u00bb]<p><b>Le thermopliage est une m\u00e9thode de pliage des thermoplastiques r\u00e9alis\u00e9 par chauffage local de la pi\u00e8ce<\/b><span>. Le mat\u00e9riau passe de l&rsquo;\u00e9tat solide \u00e0 l&rsquo;\u00e9tat mall\u00e9able en se r\u00e9chauffant, ce qui permet de r\u00e9aliser un pli. On obtient l&rsquo;angle de pliage d\u00e9sir\u00e9 en utilisant un gabarit.<\/span><\/p>[\/et_pb_text][\/et_pb_column][et_pb_column type=\u00a0\u00bb1_3&Prime; _builder_version=\u00a0\u00bb4.14.2&Prime; _module_preset=\u00a0\u00bbdefault\u00a0\u00bb global_colors_info=\u00a0\u00bb{}\u00a0\u00bb][et_pb_image src=\u00a0\u00bbhttps:\/\/trimplast.fr\/wp-content\/uploads\/2021\/11\/plieuse.jpg\u00a0\u00bb alt=\u00a0\u00bbThermoformage Plastique Ain\u00a0\u00bb title_text=\u00a0\u00bbplieuse\u00a0\u00bb _builder_version=\u00a0\u00bb4.14.2&Prime; _module_preset=\u00a0\u00bbdefault\u00a0\u00bb global_colors_info=\u00a0\u00bb{}\u00a0\u00bb][\/et_pb_image][\/et_pb_column][et_pb_column type=\u00a0\u00bb1_3&Prime; _builder_version=\u00a0\u00bb4.14.2&Prime; _module_preset=\u00a0\u00bbdefault\u00a0\u00bb global_colors_info=\u00a0\u00bb{}\u00a0\u00bb][et_pb_image src=\u00a0\u00bbhttps:\/\/trimplast.fr\/wp-content\/uploads\/2021\/07\/TRIMPLAST-EQUIPEMENT.jpg\u00a0\u00bb alt=\u00a0\u00bbThermoformage Plastique Ain\u00a0\u00bb title_text=\u00a0\u00bbTRIMPLAST-EQUIPEMENT\u00a0\u00bb _builder_version=\u00a0\u00bb4.14.2&Prime; _module_preset=\u00a0\u00bbdefault\u00a0\u00bb global_colors_info=\u00a0\u00bb{}\u00a0\u00bb][\/et_pb_image][\/et_pb_column][\/et_pb_row][et_pb_row column_structure=\u00a0\u00bb1_2,1_2&Prime; _builder_version=\u00a0\u00bb4.14.2&Prime; _module_preset=\u00a0\u00bbdefault\u00a0\u00bb global_colors_info=\u00a0\u00bb{}\u00a0\u00bb][et_pb_column type=\u00a0\u00bb1_2&Prime; _builder_version=\u00a0\u00bb4.14.2&Prime; _module_preset=\u00a0\u00bbdefault\u00a0\u00bb global_colors_info=\u00a0\u00bb{}\u00a0\u00bb][et_pb_text _builder_version=\u00a0\u00bb4.14.2&Prime; _module_preset=\u00a0\u00bbdefault\u00a0\u00bb global_colors_info=\u00a0\u00bb{}\u00a0\u00bb]<p>.<\/p>\n<p><strong>La thermoplieuse est constitu\u00e9e d&rsquo;un plateau appel\u00e9 la \u00ab table \u00bb, d&rsquo;une but\u00e9e permettant de presser le mat\u00e9riau sur la table<\/strong>, d&rsquo;un tablier qui va guider la partie \u00e0 plier du mat\u00e9riau, et d&rsquo;une r\u00e9sistance situ\u00e9e \u00e0 la jonction du tablier et de la table.<\/p>\n<p>Le mat\u00e9riau est chauff\u00e9 gr\u00e2ce \u00e0 la r\u00e9sistance chauffante sur sa face inf\u00e9rieure, du c\u00f4t\u00e9 ext\u00e9rieur de l&rsquo;angle form\u00e9. Il s&rsquo;assouplit et peut donc s&rsquo;\u00e9tirer, c&rsquo;est-\u00e0-dire se plier. On rabat ensuite le tablier \u00e0 l&rsquo;angle souhait\u00e9, l&rsquo;autre partie du mat\u00e9riau \u00e9tant press\u00e9 contre la table et donc immobilis\u00e9. La r\u00e9sistance s&rsquo;\u00e9teint automatiquement (gr\u00e2ce \u00e0 une minuterie) et le mat\u00e9riau retrouve sa solidit\u00e9\u00a0: l&rsquo;angle est ainsi cr\u00e9\u00e9.<\/p>[\/et_pb_text][\/et_pb_column][et_pb_column type=\u00a0\u00bb1_2&Prime; _builder_version=\u00a0\u00bb4.14.2&Prime; _module_preset=\u00a0\u00bbdefault\u00a0\u00bb global_colors_info=\u00a0\u00bb{}\u00a0\u00bb][et_pb_image src=\u00a0\u00bbdata:image\/svg+xml;base64,PHN2ZyB3aWR0aD0iMTA4MCIgaGVpZ2h0PSI1NDAiIHZpZXdCb3g9IjAgMCAxMDgwIDU0MCIgeG1sbnM9Imh0dHA6Ly93d3cudzMub3JnLzIwMDAvc3ZnIj4KICAgIDxnIGZpbGw9Im5vbmUiIGZpbGwtcnVsZT0iZXZlbm9kZCI+CiAgICAgICAgPHBhdGggZmlsbD0iI0VCRUJFQiIgZD0iTTAgMGgxMDgwdjU0MEgweiIvPgogICAgICAgIDxwYXRoIGQ9Ik00NDUuNjQ5IDU0MGgtOTguOTk1TDE0NC42NDkgMzM3Ljk5NSAwIDQ4Mi42NDR2LTk4Ljk5NWwxMTYuMzY1LTExNi4zNjVjMTUuNjItMTUuNjIgNDAuOTQ3LTE1LjYyIDU2LjU2OCAwTDQ0NS42NSA1NDB6IiBmaWxsLW9wYWNpdHk9Ii4xIiBmaWxsPSIjMDAwIiBmaWxsLXJ1bGU9Im5vbnplcm8iLz4KICAgICAgICA8Y2lyY2xlIGZpbGwtb3BhY2l0eT0iLjA1IiBmaWxsPSIjMDAwIiBjeD0iMzMxIiBjeT0iMTQ4IiByPSI3MCIvPgogICAgICAgIDxwYXRoIGQ9Ik0xMDgwIDM3OXYxMTMuMTM3TDcyOC4xNjIgMTQwLjMgMzI4LjQ2MiA1NDBIMjE1LjMyNEw2OTkuODc4IDU1LjQ0NmMxNS42Mi0xNS42MiA0MC45NDgtMTUuNjIgNTYuNTY4IDBMMTA4MCAzNzl6IiBmaWxsLW9wYWNpdHk9Ii4yIiBmaWxsPSIjMDAwIiBmaWxsLXJ1bGU9Im5vbnplcm8iLz4KICAgIDwvZz4KPC9zdmc+Cg==\u00a0\u00bb _builder_version=\u00a0\u00bb4.14.2&Prime; _module_preset=\u00a0\u00bbdefault\u00a0\u00bb global_colors_info=\u00a0\u00bb{}\u00a0\u00bb][\/et_pb_image][\/et_pb_column][\/et_pb_row][et_pb_row column_structure=\u00a0\u00bb1_3,1_3,1_3&Prime; _builder_version=\u00a0\u00bb4.14.2&Prime; _module_preset=\u00a0\u00bbdefault\u00a0\u00bb global_colors_info=\u00a0\u00bb{}\u00a0\u00bb][et_pb_column type=\u00a0\u00bb1_3&Prime; _builder_version=\u00a0\u00bb4.14.2&Prime; _module_preset=\u00a0\u00bbdefault\u00a0\u00bb global_colors_info=\u00a0\u00bb{}\u00a0\u00bb][et_pb_text _builder_version=\u00a0\u00bb4.14.2&Prime; _module_preset=\u00a0\u00bbdefault\u00a0\u00bb global_colors_info=\u00a0\u00bb{}\u00a0\u00bb][\/et_pb_text][\/et_pb_column][et_pb_column type=\u00a0\u00bb1_3&Prime; _builder_version=\u00a0\u00bb4.14.2&Prime; _module_preset=\u00a0\u00bbdefault\u00a0\u00bb global_colors_info=\u00a0\u00bb{}\u00a0\u00bb][et_pb_text _builder_version=\u00a0\u00bb4.14.2&Prime; _module_preset=\u00a0\u00bbdefault\u00a0\u00bb global_colors_info=\u00a0\u00bb{}\u00a0\u00bb]<h2 style=\"text-align: center;\"><strong>Vous voulez en savoir plus ? Contactez-nous ?<\/strong><\/h2>[\/et_pb_text][\/et_pb_column][et_pb_column type=\u00a0\u00bb1_3&Prime; _builder_version=\u00a0\u00bb4.14.2&Prime; _module_preset=\u00a0\u00bbdefault\u00a0\u00bb global_colors_info=\u00a0\u00bb{}\u00a0\u00bb][et_pb_image _builder_version=\u00a0\u00bb4.14.2&Prime; _module_preset=\u00a0\u00bbdefault\u00a0\u00bb global_colors_info=\u00a0\u00bb{}\u00a0\u00bb][\/et_pb_image][\/et_pb_column][\/et_pb_row][et_pb_row column_structure=\u00a0\u00bb1_2,1_2&Prime; _builder_version=\u00a0\u00bb4.14.2&Prime; _module_preset=\u00a0\u00bbdefault\u00a0\u00bb global_colors_info=\u00a0\u00bb{}\u00a0\u00bb][et_pb_column type=\u00a0\u00bb1_2&Prime; _builder_version=\u00a0\u00bb4.14.2&Prime; _module_preset=\u00a0\u00bbdefault\u00a0\u00bb global_colors_info=\u00a0\u00bb{}\u00a0\u00bb][et_pb_button button_text=\u00a0\u00bbObtenir un devis Gratuit\u00a0\u00bb button_alignment=\u00a0\u00bbcenter\u00a0\u00bb _builder_version=\u00a0\u00bb4.14.2&Prime; _module_preset=\u00a0\u00bbdefault\u00a0\u00bb hover_enabled=\u00a0\u00bb0&Prime; global_colors_info=\u00a0\u00bb{}\u00a0\u00bb button_url=\u00a0\u00bbhttps:\/\/trimplast.fr\/index.php\/contact\/\u00a0\u00bb sticky_enabled=\u00a0\u00bb0&Prime;][\/et_pb_button][\/et_pb_column][et_pb_column type=\u00a0\u00bb1_2&Prime; _builder_version=\u00a0\u00bb4.14.2&Prime; _module_preset=\u00a0\u00bbdefault\u00a0\u00bb global_colors_info=\u00a0\u00bb{}\u00a0\u00bb][et_pb_button button_text=\u00a0\u00bbAppelez-nous\u00a0\u00bb button_alignment=\u00a0\u00bbcenter\u00a0\u00bb _builder_version=\u00a0\u00bb4.14.2&Prime; _module_preset=\u00a0\u00bbdefault\u00a0\u00bb hover_enabled=\u00a0\u00bb0&Prime; global_colors_info=\u00a0\u00bb{}\u00a0\u00bb button_url=\u00a0\u00bbtel:0667412441&Prime; sticky_enabled=\u00a0\u00bb0&Prime;][\/et_pb_button][\/et_pb_column][\/et_pb_row][et_pb_row _builder_version=\u00a0\u00bb4.14.2&Prime; _module_preset=\u00a0\u00bbdefault\u00a0\u00bb global_colors_info=\u00a0\u00bb{}\u00a0\u00bb][et_pb_column type=\u00a0\u00bb4_4&Prime; _builder_version=\u00a0\u00bb4.14.2&Prime; _module_preset=\u00a0\u00bbdefault\u00a0\u00bb global_colors_info=\u00a0\u00bb{}\u00a0\u00bb][et_pb_text _builder_version=\u00a0\u00bb4.14.2&Prime; _module_preset=\u00a0\u00bbdefault\u00a0\u00bb global_colors_info=\u00a0\u00bb{}\u00a0\u00bb]<h3 style=\"text-align: center;\"><span style=\"color: #ff0000;\">FAQ<\/span><\/h3>[\/et_pb_text][\/et_pb_column][\/et_pb_row][et_pb_row _builder_version=\u00a0\u00bb4.14.2&Prime; _module_preset=\u00a0\u00bbdefault\u00a0\u00bb global_colors_info=\u00a0\u00bb{}\u00a0\u00bb][et_pb_column type=\u00a0\u00bb4_4&Prime; _builder_version=\u00a0\u00bb4.14.2&Prime; _module_preset=\u00a0\u00bbdefault\u00a0\u00bb global_colors_info=\u00a0\u00bb{}\u00a0\u00bb][et_pb_accordion _builder_version=\u00a0\u00bb4.14.2&Prime; _module_preset=\u00a0\u00bbdefault\u00a0\u00bb global_colors_info=\u00a0\u00bb{}\u00a0\u00bb][et_pb_accordion_item title=\u00a0\u00bbQuel est le principe du pliage plastique\u00a0\u00bb open=\u00a0\u00bbon\u00a0\u00bb _builder_version=\u00a0\u00bb4.14.2&Prime; _module_preset=\u00a0\u00bbdefault\u00a0\u00bb global_colors_info=\u00a0\u00bb{}\u00a0\u00bb]<p><span>Le pliage\u00a0<\/span><b>permet de r\u00e9aliser des angles arrondis sans collage<\/b><span>. Il est possible de plier des \u00e9paisseurs jusqu&rsquo;\u00e0 environ 25 mm suivant des rayons plus ou moins importants sans fragiliser la mati\u00e8re<\/span><\/p>[\/et_pb_accordion_item][\/et_pb_accordion][\/et_pb_column][\/et_pb_row][et_pb_row _builder_version=\u00a0\u00bb4.14.2&Prime; _module_preset=\u00a0\u00bbdefault\u00a0\u00bb global_colors_info=\u00a0\u00bb{}\u00a0\u00bb][et_pb_column type=\u00a0\u00bb4_4&Prime; _builder_version=\u00a0\u00bb4.14.2&Prime; _module_preset=\u00a0\u00bbdefault\u00a0\u00bb global_colors_info=\u00a0\u00bb{}\u00a0\u00bb][et_pb_accordion _builder_version=\u00a0\u00bb4.14.2&Prime; _module_preset=\u00a0\u00bbdefault\u00a0\u00bb global_colors_info=\u00a0\u00bb{}\u00a0\u00bb][et_pb_accordion_item title=\u00a0\u00bbQuel plastique pour le pliage ?\u00a0\u00bb open=\u00a0\u00bbon\u00a0\u00bb _builder_version=\u00a0\u00bb4.14.2&Prime; _module_preset=\u00a0\u00bbdefault\u00a0\u00bb global_colors_info=\u00a0\u00bb{}\u00a0\u00bb]<p><span>Les feuilles de\u00a0<\/span><b>polycarbonate<\/b><span>\u00a0ont l&rsquo;avantage de pouvoir \u00eatre pli\u00e9es ou d\u00e9form\u00e9es \u00e0 chaud et \u00e0 froid : ainsi, le mat\u00e9riau peut \u00eatre utilis\u00e9 pour de nombreuses applications diff\u00e9rentes.<\/span><\/p>[\/et_pb_accordion_item][\/et_pb_accordion][\/et_pb_column][\/et_pb_row][\/et_pb_section]\n","protected":false},"excerpt":{"rendered":"<p>Le Pliage PlastiqueLe thermopliage est une m\u00e9thode de pliage des thermoplastiques r\u00e9alis\u00e9 par chauffage local de la pi\u00e8ce. Le mat\u00e9riau passe de l&rsquo;\u00e9tat solide \u00e0 l&rsquo;\u00e9tat mall\u00e9able en se r\u00e9chauffant, ce qui permet de r\u00e9aliser un pli. On obtient l&rsquo;angle de pliage d\u00e9sir\u00e9 en utilisant un gabarit.. La thermoplieuse est constitu\u00e9e d&rsquo;un plateau appel\u00e9 la [&hellip;]<\/p>\n","protected":false},"author":1,"featured_media":0,"parent":0,"menu_order":0,"comment_status":"closed","ping_status":"closed","template":"","meta":{"_et_pb_use_builder":"on","_et_pb_old_content":"","_et_gb_content_width":"","footnotes":""},"class_list":["post-150","page","type-page","status-publish","hentry"],"yoast_head":"<!-- This site is optimized with the Yoast SEO plugin v24.1 - https:\/\/yoast.com\/wordpress\/plugins\/seo\/ -->\n<title>Pliage Plastique Ain<\/title>\n<meta name=\"description\" content=\"D\u00e9couvrez l&#039;expertise de Trimplast en pliage plastique sur mesure. Nous proposons des solutions innovantes et adapt\u00e9es \u00e0 vos besoins sp\u00e9cifiques, alliant pr\u00e9cision et qualit\u00e9. Contactez-nous pour des r\u00e9sultats durables et performants\" \/>\n<meta name=\"robots\" content=\"index, follow, max-snippet:-1, max-image-preview:large, max-video-preview:-1\" \/>\n<link rel=\"canonical\" href=\"https:\/\/trimplast.fr\/index.php\/pliage-plastique\/\" \/>\n<meta property=\"og:locale\" content=\"fr_FR\" \/>\n<meta property=\"og:type\" content=\"article\" \/>\n<meta property=\"og:title\" content=\"Pliage Plastique Ain\" \/>\n<meta property=\"og:description\" content=\"D\u00e9couvrez l&#039;expertise de Trimplast en pliage plastique sur mesure. Nous proposons des solutions innovantes et adapt\u00e9es \u00e0 vos besoins sp\u00e9cifiques, alliant pr\u00e9cision et qualit\u00e9. Contactez-nous pour des r\u00e9sultats durables et performants\" \/>\n<meta property=\"og:url\" content=\"https:\/\/trimplast.fr\/index.php\/pliage-plastique\/\" \/>\n<meta property=\"og:site_name\" content=\"TRIMPLAST\" \/>\n<meta property=\"article:modified_time\" content=\"2025-01-06T09:51:28+00:00\" \/>\n<meta name=\"twitter:card\" content=\"summary_large_image\" \/>\n<meta name=\"twitter:label1\" content=\"Dur\u00e9e de lecture estim\u00e9e\" \/>\n\t<meta name=\"twitter:data1\" content=\"3 minutes\" \/>\n<script type=\"application\/ld+json\" class=\"yoast-schema-graph\">{\"@context\":\"https:\/\/schema.org\",\"@graph\":[{\"@type\":\"WebPage\",\"@id\":\"https:\/\/trimplast.fr\/index.php\/pliage-plastique\/\",\"url\":\"https:\/\/trimplast.fr\/index.php\/pliage-plastique\/\",\"name\":\"Pliage Plastique Ain\",\"isPartOf\":{\"@id\":\"https:\/\/trimplast.fr\/#website\"},\"datePublished\":\"2024-12-22T14:05:16+00:00\",\"dateModified\":\"2025-01-06T09:51:28+00:00\",\"description\":\"D\u00e9couvrez l'expertise de Trimplast en pliage plastique sur mesure. Nous proposons des solutions innovantes et adapt\u00e9es \u00e0 vos besoins sp\u00e9cifiques, alliant pr\u00e9cision et qualit\u00e9. Contactez-nous pour des r\u00e9sultats durables et performants\",\"breadcrumb\":{\"@id\":\"https:\/\/trimplast.fr\/index.php\/pliage-plastique\/#breadcrumb\"},\"inLanguage\":\"fr-FR\",\"potentialAction\":[{\"@type\":\"ReadAction\",\"target\":[\"https:\/\/trimplast.fr\/index.php\/pliage-plastique\/\"]}]},{\"@type\":\"BreadcrumbList\",\"@id\":\"https:\/\/trimplast.fr\/index.php\/pliage-plastique\/#breadcrumb\",\"itemListElement\":[{\"@type\":\"ListItem\",\"position\":1,\"name\":\"Accueil\",\"item\":\"https:\/\/trimplast.fr\/\"},{\"@type\":\"ListItem\",\"position\":2,\"name\":\"Pliage Plastique\"}]},{\"@type\":\"WebSite\",\"@id\":\"https:\/\/trimplast.fr\/#website\",\"url\":\"https:\/\/trimplast.fr\/\",\"name\":\"TRIMPLAST\",\"description\":\"Le sp\u00e9cialiste du thermoformage plastique\",\"potentialAction\":[{\"@type\":\"SearchAction\",\"target\":{\"@type\":\"EntryPoint\",\"urlTemplate\":\"https:\/\/trimplast.fr\/?s={search_term_string}\"},\"query-input\":{\"@type\":\"PropertyValueSpecification\",\"valueRequired\":true,\"valueName\":\"search_term_string\"}}],\"inLanguage\":\"fr-FR\"}]}<\/script>\n<!-- \/ Yoast SEO plugin. -->","yoast_head_json":{"title":"Pliage Plastique Ain","description":"D\u00e9couvrez l'expertise de Trimplast en pliage plastique sur mesure. Nous proposons des solutions innovantes et adapt\u00e9es \u00e0 vos besoins sp\u00e9cifiques, alliant pr\u00e9cision et qualit\u00e9. Contactez-nous pour des r\u00e9sultats durables et performants","robots":{"index":"index","follow":"follow","max-snippet":"max-snippet:-1","max-image-preview":"max-image-preview:large","max-video-preview":"max-video-preview:-1"},"canonical":"https:\/\/trimplast.fr\/index.php\/pliage-plastique\/","og_locale":"fr_FR","og_type":"article","og_title":"Pliage Plastique Ain","og_description":"D\u00e9couvrez l'expertise de Trimplast en pliage plastique sur mesure. Nous proposons des solutions innovantes et adapt\u00e9es \u00e0 vos besoins sp\u00e9cifiques, alliant pr\u00e9cision et qualit\u00e9. Contactez-nous pour des r\u00e9sultats durables et performants","og_url":"https:\/\/trimplast.fr\/index.php\/pliage-plastique\/","og_site_name":"TRIMPLAST","article_modified_time":"2025-01-06T09:51:28+00:00","twitter_card":"summary_large_image","twitter_misc":{"Dur\u00e9e de lecture estim\u00e9e":"3 minutes"},"schema":{"@context":"https:\/\/schema.org","@graph":[{"@type":"WebPage","@id":"https:\/\/trimplast.fr\/index.php\/pliage-plastique\/","url":"https:\/\/trimplast.fr\/index.php\/pliage-plastique\/","name":"Pliage Plastique Ain","isPartOf":{"@id":"https:\/\/trimplast.fr\/#website"},"datePublished":"2024-12-22T14:05:16+00:00","dateModified":"2025-01-06T09:51:28+00:00","description":"D\u00e9couvrez l'expertise de Trimplast en pliage plastique sur mesure. Nous proposons des solutions innovantes et adapt\u00e9es \u00e0 vos besoins sp\u00e9cifiques, alliant pr\u00e9cision et qualit\u00e9. Contactez-nous pour des r\u00e9sultats durables et performants","breadcrumb":{"@id":"https:\/\/trimplast.fr\/index.php\/pliage-plastique\/#breadcrumb"},"inLanguage":"fr-FR","potentialAction":[{"@type":"ReadAction","target":["https:\/\/trimplast.fr\/index.php\/pliage-plastique\/"]}]},{"@type":"BreadcrumbList","@id":"https:\/\/trimplast.fr\/index.php\/pliage-plastique\/#breadcrumb","itemListElement":[{"@type":"ListItem","position":1,"name":"Accueil","item":"https:\/\/trimplast.fr\/"},{"@type":"ListItem","position":2,"name":"Pliage Plastique"}]},{"@type":"WebSite","@id":"https:\/\/trimplast.fr\/#website","url":"https:\/\/trimplast.fr\/","name":"TRIMPLAST","description":"Le sp\u00e9cialiste du thermoformage plastique","potentialAction":[{"@type":"SearchAction","target":{"@type":"EntryPoint","urlTemplate":"https:\/\/trimplast.fr\/?s={search_term_string}"},"query-input":{"@type":"PropertyValueSpecification","valueRequired":true,"valueName":"search_term_string"}}],"inLanguage":"fr-FR"}]}},"_links":{"self":[{"href":"https:\/\/trimplast.fr\/index.php\/wp-json\/wp\/v2\/pages\/150","targetHints":{"allow":["GET"]}}],"collection":[{"href":"https:\/\/trimplast.fr\/index.php\/wp-json\/wp\/v2\/pages"}],"about":[{"href":"https:\/\/trimplast.fr\/index.php\/wp-json\/wp\/v2\/types\/page"}],"author":[{"embeddable":true,"href":"https:\/\/trimplast.fr\/index.php\/wp-json\/wp\/v2\/users\/1"}],"replies":[{"embeddable":true,"href":"https:\/\/trimplast.fr\/index.php\/wp-json\/wp\/v2\/comments?post=150"}],"version-history":[{"count":13,"href":"https:\/\/trimplast.fr\/index.php\/wp-json\/wp\/v2\/pages\/150\/revisions"}],"predecessor-version":[{"id":350,"href":"https:\/\/trimplast.fr\/index.php\/wp-json\/wp\/v2\/pages\/150\/revisions\/350"}],"wp:attachment":[{"href":"https:\/\/trimplast.fr\/index.php\/wp-json\/wp\/v2\/media?parent=150"}],"curies":[{"name":"wp","href":"https:\/\/api.w.org\/{rel}","templated":true}]}}