{"id":290,"date":"2025-01-01T17:36:08","date_gmt":"2025-01-01T16:36:08","guid":{"rendered":"https:\/\/trimplast.fr\/?page_id=290"},"modified":"2025-01-01T17:51:19","modified_gmt":"2025-01-01T16:51:19","slug":"mentions-legales","status":"publish","type":"page","link":"https:\/\/trimplast.fr\/index.php\/mentions-legales\/","title":{"rendered":"Mentions L\u00e9gales"},"content":{"rendered":"\n<p><\/p>\n\n\n\n<p><strong>1. Identification de l&rsquo;\u00c9diteur du Site<\/strong><br>Le site internet&nbsp;<a rel=\"noreferrer noopener\" href=\"https:\/\/trimplast.fr\/\" target=\"_blank\">https:\/\/trimplast.fr<\/a>&nbsp;est \u00e9dit\u00e9 par la soci\u00e9t\u00e9&nbsp;<strong>TrimPlast<\/strong>, immatricul\u00e9e au RCS sous le num\u00e9ro&nbsp;<strong>84931818300019<\/strong>.<\/p>\n\n\n\n<ul class=\"wp-block-list\"><li><strong>Si\u00e8ge social :<\/strong><br>290 Rue des Ch\u00eanes Verts, 38460 Saint-Romain-de-Jalionas<\/li><li><strong>T\u00e9l\u00e9phone :<\/strong><br>06 67 41 24 41<\/li><li><strong>Email :<\/strong><br><a>j.verne@trimplast.fr<\/a><\/li><\/ul>\n\n\n\n<p>Le responsable de la publication est&nbsp;<strong>Johann Verne<\/strong>.<\/p>\n\n\n\n<p><strong>2. H\u00e9bergement<\/strong><br>Le site est h\u00e9berg\u00e9 par la soci\u00e9t\u00e9&nbsp;<strong>OVH<\/strong>, dont le si\u00e8ge social est situ\u00e9 :<br>2, rue Kellermann, 59100 Roubaix.<br>T\u00e9l\u00e9phone : 1007 (num\u00e9ro gratuit en France).<\/p>\n\n\n\n<p><strong>3. Propri\u00e9t\u00e9 Intellectuelle<\/strong><br>L\u2019ensemble des contenus pr\u00e9sents sur le site (textes, images, graphismes, logos, vid\u00e9os, etc.) est prot\u00e9g\u00e9 par le droit de la propri\u00e9t\u00e9 intellectuelle et reste la propri\u00e9t\u00e9 exclusive de&nbsp;<strong>Johann Verne<\/strong>, sauf mention contraire.<br>Toute reproduction, distribution, modification, adaptation ou publication, totale ou partielle, de ces \u00e9l\u00e9ments est strictement interdite sans l\u2019autorisation \u00e9crite pr\u00e9alable de&nbsp;<strong>TrimPlast<\/strong>.<\/p>\n\n\n\n<p><strong>4. Donn\u00e9es Personnelles<\/strong><br>Le site&nbsp;<strong>TrimPlast<\/strong>&nbsp;s&rsquo;engage \u00e0 respecter la confidentialit\u00e9 des informations personnelles collect\u00e9es.<\/p>\n\n\n\n<ul class=\"wp-block-list\"><li><strong>Donn\u00e9es collect\u00e9es :<\/strong><br>Les informations recueillies via les formulaires de contact sont strictement utilis\u00e9es pour r\u00e9pondre aux demandes des utilisateurs.<\/li><li><strong>Responsable du traitement :<\/strong><br>Johann Verne<br>Email :&nbsp;<a>j.verne@trimplast.fr<\/a><\/li><\/ul>\n\n\n\n<p>Conform\u00e9ment au R\u00e8glement G\u00e9n\u00e9ral sur la Protection des Donn\u00e9es (RGPD), vous disposez d\u2019un droit d\u2019acc\u00e8s, de rectification, de suppression ou de portabilit\u00e9 de vos donn\u00e9es. Vous pouvez exercer ces droits en \u00e9crivant \u00e0 l&rsquo;adresse mentionn\u00e9e ci-dessus.<\/p>\n\n\n\n<p>Pour plus de d\u00e9tails, veuillez consulter notre&nbsp;<a href=\"https:\/\/mail.google.com\/mail\/u\/0\/#m_-5244116005769017403_\">Politique de confidentialit\u00e9<\/a>.<\/p>\n\n\n\n<p><strong>5. Cookies<\/strong><br>Le site&nbsp;<strong>TrimPlast<\/strong>&nbsp;utilise des cookies pour am\u00e9liorer l&rsquo;exp\u00e9rience utilisateur et analyser le trafic.<br>En continuant \u00e0 naviguer sur le site, vous acceptez l\u2019utilisation de ces cookies. Vous pouvez modifier vos pr\u00e9f\u00e9rences ou d\u00e9sactiver les cookies via les param\u00e8tres de votre navigateur.<br>Pour plus d\u2019informations, consultez notre&nbsp;<a href=\"https:\/\/mail.google.com\/mail\/u\/0\/#m_-5244116005769017403_\">Politique de cookies<\/a>.<\/p>\n\n\n\n<p><strong>6. Limitation de Responsabilit\u00e9<\/strong><br>TrimPlast s\u2019efforce de fournir des informations exactes et \u00e0 jour. Toutefois, l\u2019entreprise ne saurait \u00eatre tenue responsable des erreurs ou omissions dans le contenu publi\u00e9, ni des \u00e9ventuels dommages directs ou indirects li\u00e9s \u00e0 l\u2019utilisation du site.<\/p>\n","protected":false},"excerpt":{"rendered":"<p>1. Identification de l&rsquo;\u00c9diteur du SiteLe site internet&nbsp;https:\/\/trimplast.fr&nbsp;est \u00e9dit\u00e9 par la soci\u00e9t\u00e9&nbsp;TrimPlast, immatricul\u00e9e au RCS sous le num\u00e9ro&nbsp;84931818300019. Si\u00e8ge social :290 Rue des Ch\u00eanes Verts, 38460 Saint-Romain-de-Jalionas T\u00e9l\u00e9phone :06 67 41 24 41 Email :j.verne@trimplast.fr Le responsable de la publication est&nbsp;Johann Verne. 2. H\u00e9bergementLe site est h\u00e9berg\u00e9 par la soci\u00e9t\u00e9&nbsp;OVH, dont le si\u00e8ge social est [&hellip;]<\/p>\n","protected":false},"author":1,"featured_media":0,"parent":0,"menu_order":0,"comment_status":"closed","ping_status":"closed","template":"","meta":{"_et_pb_use_builder":"off","_et_pb_old_content":"","_et_gb_content_width":"","footnotes":""},"class_list":["post-290","page","type-page","status-publish","hentry"],"yoast_head":"<!-- This site is optimized with the Yoast SEO plugin v24.1 - https:\/\/yoast.com\/wordpress\/plugins\/seo\/ -->\n<title>Mentions L\u00e9gales - TRIMPLAST<\/title>\n<meta name=\"robots\" content=\"index, follow, max-snippet:-1, max-image-preview:large, max-video-preview:-1\" \/>\n<link rel=\"canonical\" href=\"https:\/\/trimplast.fr\/index.php\/mentions-legales\/\" \/>\n<meta property=\"og:locale\" content=\"fr_FR\" \/>\n<meta property=\"og:type\" content=\"article\" \/>\n<meta property=\"og:title\" content=\"Mentions L\u00e9gales - TRIMPLAST\" \/>\n<meta property=\"og:description\" content=\"1. Identification de l&rsquo;\u00c9diteur du SiteLe site internet&nbsp;https:\/\/trimplast.fr&nbsp;est \u00e9dit\u00e9 par la soci\u00e9t\u00e9&nbsp;TrimPlast, immatricul\u00e9e au RCS sous le num\u00e9ro&nbsp;84931818300019. Si\u00e8ge social :290 Rue des Ch\u00eanes Verts, 38460 Saint-Romain-de-Jalionas T\u00e9l\u00e9phone :06 67 41 24 41 Email :j.verne@trimplast.fr Le responsable de la publication est&nbsp;Johann Verne. 2. H\u00e9bergementLe site est h\u00e9berg\u00e9 par la soci\u00e9t\u00e9&nbsp;OVH, dont le si\u00e8ge social est [&hellip;]\" \/>\n<meta property=\"og:url\" content=\"https:\/\/trimplast.fr\/index.php\/mentions-legales\/\" \/>\n<meta property=\"og:site_name\" content=\"TRIMPLAST\" \/>\n<meta property=\"article:modified_time\" content=\"2025-01-01T16:51:19+00:00\" \/>\n<meta name=\"twitter:card\" content=\"summary_large_image\" \/>\n<meta name=\"twitter:label1\" content=\"Dur\u00e9e de lecture estim\u00e9e\" \/>\n\t<meta name=\"twitter:data1\" content=\"2 minutes\" \/>\n<script type=\"application\/ld+json\" class=\"yoast-schema-graph\">{\"@context\":\"https:\/\/schema.org\",\"@graph\":[{\"@type\":\"WebPage\",\"@id\":\"https:\/\/trimplast.fr\/index.php\/mentions-legales\/\",\"url\":\"https:\/\/trimplast.fr\/index.php\/mentions-legales\/\",\"name\":\"Mentions L\u00e9gales - TRIMPLAST\",\"isPartOf\":{\"@id\":\"https:\/\/trimplast.fr\/#website\"},\"datePublished\":\"2025-01-01T16:36:08+00:00\",\"dateModified\":\"2025-01-01T16:51:19+00:00\",\"breadcrumb\":{\"@id\":\"https:\/\/trimplast.fr\/index.php\/mentions-legales\/#breadcrumb\"},\"inLanguage\":\"fr-FR\",\"potentialAction\":[{\"@type\":\"ReadAction\",\"target\":[\"https:\/\/trimplast.fr\/index.php\/mentions-legales\/\"]}]},{\"@type\":\"BreadcrumbList\",\"@id\":\"https:\/\/trimplast.fr\/index.php\/mentions-legales\/#breadcrumb\",\"itemListElement\":[{\"@type\":\"ListItem\",\"position\":1,\"name\":\"Accueil\",\"item\":\"https:\/\/trimplast.fr\/\"},{\"@type\":\"ListItem\",\"position\":2,\"name\":\"Mentions L\u00e9gales\"}]},{\"@type\":\"WebSite\",\"@id\":\"https:\/\/trimplast.fr\/#website\",\"url\":\"https:\/\/trimplast.fr\/\",\"name\":\"TRIMPLAST\",\"description\":\"Le sp\u00e9cialiste du thermoformage plastique\",\"potentialAction\":[{\"@type\":\"SearchAction\",\"target\":{\"@type\":\"EntryPoint\",\"urlTemplate\":\"https:\/\/trimplast.fr\/?s={search_term_string}\"},\"query-input\":{\"@type\":\"PropertyValueSpecification\",\"valueRequired\":true,\"valueName\":\"search_term_string\"}}],\"inLanguage\":\"fr-FR\"}]}<\/script>\n<!-- \/ Yoast SEO plugin. -->","yoast_head_json":{"title":"Mentions L\u00e9gales - TRIMPLAST","robots":{"index":"index","follow":"follow","max-snippet":"max-snippet:-1","max-image-preview":"max-image-preview:large","max-video-preview":"max-video-preview:-1"},"canonical":"https:\/\/trimplast.fr\/index.php\/mentions-legales\/","og_locale":"fr_FR","og_type":"article","og_title":"Mentions L\u00e9gales - TRIMPLAST","og_description":"1. Identification de l&rsquo;\u00c9diteur du SiteLe site internet&nbsp;https:\/\/trimplast.fr&nbsp;est \u00e9dit\u00e9 par la soci\u00e9t\u00e9&nbsp;TrimPlast, immatricul\u00e9e au RCS sous le num\u00e9ro&nbsp;84931818300019. Si\u00e8ge social :290 Rue des Ch\u00eanes Verts, 38460 Saint-Romain-de-Jalionas T\u00e9l\u00e9phone :06 67 41 24 41 Email :j.verne@trimplast.fr Le responsable de la publication est&nbsp;Johann Verne. 2. H\u00e9bergementLe site est h\u00e9berg\u00e9 par la soci\u00e9t\u00e9&nbsp;OVH, dont le si\u00e8ge social est [&hellip;]","og_url":"https:\/\/trimplast.fr\/index.php\/mentions-legales\/","og_site_name":"TRIMPLAST","article_modified_time":"2025-01-01T16:51:19+00:00","twitter_card":"summary_large_image","twitter_misc":{"Dur\u00e9e de lecture estim\u00e9e":"2 minutes"},"schema":{"@context":"https:\/\/schema.org","@graph":[{"@type":"WebPage","@id":"https:\/\/trimplast.fr\/index.php\/mentions-legales\/","url":"https:\/\/trimplast.fr\/index.php\/mentions-legales\/","name":"Mentions L\u00e9gales - TRIMPLAST","isPartOf":{"@id":"https:\/\/trimplast.fr\/#website"},"datePublished":"2025-01-01T16:36:08+00:00","dateModified":"2025-01-01T16:51:19+00:00","breadcrumb":{"@id":"https:\/\/trimplast.fr\/index.php\/mentions-legales\/#breadcrumb"},"inLanguage":"fr-FR","potentialAction":[{"@type":"ReadAction","target":["https:\/\/trimplast.fr\/index.php\/mentions-legales\/"]}]},{"@type":"BreadcrumbList","@id":"https:\/\/trimplast.fr\/index.php\/mentions-legales\/#breadcrumb","itemListElement":[{"@type":"ListItem","position":1,"name":"Accueil","item":"https:\/\/trimplast.fr\/"},{"@type":"ListItem","position":2,"name":"Mentions L\u00e9gales"}]},{"@type":"WebSite","@id":"https:\/\/trimplast.fr\/#website","url":"https:\/\/trimplast.fr\/","name":"TRIMPLAST","description":"Le sp\u00e9cialiste du thermoformage plastique","potentialAction":[{"@type":"SearchAction","target":{"@type":"EntryPoint","urlTemplate":"https:\/\/trimplast.fr\/?s={search_term_string}"},"query-input":{"@type":"PropertyValueSpecification","valueRequired":true,"valueName":"search_term_string"}}],"inLanguage":"fr-FR"}]}},"_links":{"self":[{"href":"https:\/\/trimplast.fr\/index.php\/wp-json\/wp\/v2\/pages\/290","targetHints":{"allow":["GET"]}}],"collection":[{"href":"https:\/\/trimplast.fr\/index.php\/wp-json\/wp\/v2\/pages"}],"about":[{"href":"https:\/\/trimplast.fr\/index.php\/wp-json\/wp\/v2\/types\/page"}],"author":[{"embeddable":true,"href":"https:\/\/trimplast.fr\/index.php\/wp-json\/wp\/v2\/users\/1"}],"replies":[{"embeddable":true,"href":"https:\/\/trimplast.fr\/index.php\/wp-json\/wp\/v2\/comments?post=290"}],"version-history":[{"count":2,"href":"https:\/\/trimplast.fr\/index.php\/wp-json\/wp\/v2\/pages\/290\/revisions"}],"predecessor-version":[{"id":293,"href":"https:\/\/trimplast.fr\/index.php\/wp-json\/wp\/v2\/pages\/290\/revisions\/293"}],"wp:attachment":[{"href":"https:\/\/trimplast.fr\/index.php\/wp-json\/wp\/v2\/media?parent=290"}],"curies":[{"name":"wp","href":"https:\/\/api.w.org\/{rel}","templated":true}]}}